{"id":1736,"date":"2021-08-24T21:57:29","date_gmt":"2021-08-24T19:57:29","guid":{"rendered":"https:\/\/uszczelki.300energia.net\/index.php\/product\/pakiet-vaillant-piec-kondensacyjny-ecotec-57-27kw-zasobnik-120l-pogodowka-i-komin-ogrzewanie"},"modified":"2021-08-24T21:57:30","modified_gmt":"2021-08-24T19:57:30","slug":"pakiet-vaillant-piec-kondensacyjny-ecotec-57-27kw-zasobnik-120l-pogodowka-i-komin-ogrzewanie","status":"publish","type":"product","link":"https:\/\/uszczelki.300energia.net\/index.php\/product\/pakiet-vaillant-piec-kondensacyjny-ecotec-57-27kw-zasobnik-120l-pogodowka-i-komin-ogrzewanie","title":{"rendered":"Pakiet Vaillant piec kondensacyjny ecoTEC 5,7-27kW zasobnik 120L pogod\u00f3wka i komin &#8211; ogrzewanie"},"content":{"rendered":"<p>We wrze\u015bniu 2013 r. Unia Europejska przyj\u0119\u0142a pakiet rozporz\u0105dze\u0144 dotycz\u0105cych ograniczenia zu\u017cycia energii i ochrony klimatu znane jako rozporz\u0105dzenie Energy-related Products (ErP) i rozporz\u0105dzenie o oznakowaniu urz\u0105dze\u0144 etykietami energetycznymi (ELD).<\/p>\n<p><a href=\"https:\/\/www.vaillant.pl\/klienci-indywidualni\/search-result-page-128793.html?facets=f%2FcombinedSearch%2FcontentLabel&amp;facets=f%2FcombinedSearch%2FdownloadsLabel&amp;facets=f%2FcombinedSearch%2FproductsLabel&amp;q=ecotec%20plus\">Pakiet Vaillant piec kondensacyjny ecoTEC 5,7-27kW zasobnik 120L pogod\u00f3wka i komin<\/a><\/p>\n<p>Pakiet Vaillant, sk\u0142adaj\u0105cy&nbsp; si\u0119 z kondensacyjnego pieca wisz\u0105cego oraz stoj\u0105cego zasobnika ciep\u0142ej wody u\u017cytkowej. Polecamy go do dom\u00f3w o powierzchni<b> od 150 do 300m2<\/b> z instalacj\u0105 grzejnikow\u0105 lub pod\u0142ogow\u0105. Zasobnik wody zapewnia <span style=\"font-weight: bold;\">komfort ciep\u0142ej wody u\u017cytkowej dla 2-4 os\u00f3b<\/span>.<\/p>\n<div><b>Zakres dostawy obejmuje (wszystkie elementy marki Vaillant):<\/b> <\/p>\n<ul>\n<li>kocio\u0142 gazowy Vaillant ecoTEC plus VC 256\/5-5, uzbrojony w elementy:<\/li>\n<ul>\n<li>naczynie wzbiorcze 10 litr\u00f3w,<\/li>\n<li>zaw\u00f3r tr\u00f3jdrogowy,<\/li>\n<li>pompa cyrkulacyjna,<\/li>\n<\/ul>\n<li>zasobnik Vaillant VIH R z ochronn\u0105 anoda magnezow\u0105,<\/li>\n<li>najnowszy regulator pogodowy&nbsp;<span style=\"font-weight: bold;\">multiMATIC 700<span style=\"font-style: italic;\">&nbsp;<\/span>+<\/span>&nbsp;czujnik temperatury zewn\u0119trznej - regulator ten po dokupieniu<a href=\"\/regulatory-vaillant\/modul-regulatora-vaillant-vr-900,,rid,13265.html\" title=\"vr 900\">&nbsp;dodatkowego modu\u0142u komunikacyjnego<\/a>&nbsp;umo\u017cliwia zdalne sterowanie przez internet za pomoc\u0105 aplikacji na telefon kom\u00f3rkowy,<\/li>\n<li>zestaw z\u0142\u0105czek hydraulicznych pod pod\u0142\u0105czenia pieca gazowego do instalacji,<\/li>\n<li>w\u0119\u017cyk odprowadzenia kondensatu,<\/li>\n<li>zestaw natynkowy z\u0142\u0105czek do po\u0142\u0105czenia pieca z zasobnikiem,<\/li>\n<li>czujnik temperatury wody w zasobniku z kablem po\u0142\u0105czeniowym do pieca,<\/li>\n<li>zaw\u00f3r bezpiecze\u0144stwa do zasobnika + syfon<\/li>\n<li>zestaw powietrzno-spalinowy 60\/100 mm z pod\u0142\u0105czeniem do szachtu kominowego (kolano z rewizj\u0105, rura 0,5m, kolanko podporowe do szachtu, rozeta \u015bcienna)<\/li>\n<li>dokumentacja techniczna wraz z szablonem monta\u017cowym,<\/li>\n<li>karta gwarancyjna z programem VEP.<\/li>\n<\/ul>\n<p style=\"text-align: center;\">Za pomoc\u0105 naszego&nbsp;<a href=\"\/poradniki-abc\/koszty-ogrzewania-domu-kalkulator.html\"><b>kalkulatora koszt\u00f3w ogrzewania<\/b><\/a>&nbsp;mo\u017cesz sprawdzi\u0107 koszty dla Twojego domu.<\/p>\n<div id=\"video\" style=\"text-align: center; font-weight: bold;\"><iframe src=\"https:\/\/www.youtube.com\/embed\/9sa0R7YZspY\" title=\"YouTube video player\" frameborder=\"0\" allow=\"accelerometer; autoplay; clipboard-write; encrypted-media; gyroscope; picture-in-picture\" allowfullscreen=\"\"><\/iframe><\/div>\n<div class=\"clear10\" style=\"font-weight: bold;\"><\/div>\n<ul>\n<li>Gwarancja producenta: 2 lata - po uruchomieniu przez uprawnionego instalatora.<\/li>\n<\/ul>\n<\/div>\n<p>&nbsp;<\/p>\n","protected":false},"excerpt":{"rendered":"<p>We wrze\u015bniu 2013 r. Unia Europejska przyj\u0119\u0142a pakiet rozporz\u0105dze\u0144 dotycz\u0105cych ograniczenia zu\u017cycia energii i ochrony klimatu znane jako rozporz\u0105dzenie Energy-related Products (ErP) i rozporz\u0105dzenie o oznakowaniu urz\u0105dze\u0144 etykietami energetycznymi (ELD). Pakiet Vaillant piec kondensacyjny ecoTEC 5,7-27kW zasobnik 120L pogod\u00f3wka i komin Pakiet Vaillant, sk\u0142adaj\u0105cy&nbsp; si\u0119 z kondensacyjnego pieca wisz\u0105cego oraz stoj\u0105cego zasobnika ciep\u0142ej wody u\u017cytkowej. <a href=\"https:\/\/uszczelki.300energia.net\/index.php\/product\/pakiet-vaillant-piec-kondensacyjny-ecotec-57-27kw-zasobnik-120l-pogodowka-i-komin-ogrzewanie\" class=\"more-link\">Czytaj dalej...<span class=\"screen-reader-text\"> \"Pakiet Vaillant piec kondensacyjny ecoTEC 5,7-27kW zasobnik 120L pogod\u00f3wka i komin &#8211; ogrzewanie\"<\/span><\/a><\/p>\n","protected":false},"featured_media":1737,"comment_status":"closed","ping_status":"open","template":"","meta":[],"product_brand":[],"product_cat":[1052,1053],"product_tag":[1056,1057],"class_list":{"0":"post-1736","1":"product","2":"type-product","3":"status-publish","4":"has-post-thumbnail","6":"product_cat-ogrzewanie","7":"product_cat-vaillant","8":"product_tag-pakiet","9":"product_tag-vaillant","11":"first","12":"instock","13":"product-type-simple","14":"h-entry","15":"hentry"},"jetpack_sharing_enabled":true,"_links":{"self":[{"href":"https:\/\/uszczelki.300energia.net\/index.php\/wp-json\/wp\/v2\/product\/1736","targetHints":{"allow":["GET"]}}],"collection":[{"href":"https:\/\/uszczelki.300energia.net\/index.php\/wp-json\/wp\/v2\/product"}],"about":[{"href":"https:\/\/uszczelki.300energia.net\/index.php\/wp-json\/wp\/v2\/types\/product"}],"replies":[{"embeddable":true,"href":"https:\/\/uszczelki.300energia.net\/index.php\/wp-json\/wp\/v2\/comments?post=1736"}],"wp:featuredmedia":[{"embeddable":true,"href":"https:\/\/uszczelki.300energia.net\/index.php\/wp-json\/wp\/v2\/media\/1737"}],"wp:attachment":[{"href":"https:\/\/uszczelki.300energia.net\/index.php\/wp-json\/wp\/v2\/media?parent=1736"}],"wp:term":[{"taxonomy":"product_brand","embeddable":true,"href":"https:\/\/uszczelki.300energia.net\/index.php\/wp-json\/wp\/v2\/product_brand?post=1736"},{"taxonomy":"product_cat","embeddable":true,"href":"https:\/\/uszczelki.300energia.net\/index.php\/wp-json\/wp\/v2\/product_cat?post=1736"},{"taxonomy":"product_tag","embeddable":true,"href":"https:\/\/uszczelki.300energia.net\/index.php\/wp-json\/wp\/v2\/product_tag?post=1736"}],"curies":[{"name":"wp","href":"https:\/\/api.w.org\/{rel}","templated":true}]}}