{"id":1768,"date":"2021-08-24T21:57:35","date_gmt":"2021-08-24T19:57:35","guid":{"rendered":"https:\/\/uszczelki.300energia.net\/index.php\/product\/piec-gazowy-dwufunkcyjny-vaillant-ecotec-plus-39-318kw-kondensacyjny-ogrzewanie"},"modified":"2021-08-24T21:57:38","modified_gmt":"2021-08-24T19:57:38","slug":"piec-gazowy-dwufunkcyjny-vaillant-ecotec-plus-39-318kw-kondensacyjny-ogrzewanie","status":"publish","type":"product","link":"https:\/\/uszczelki.300energia.net\/index.php\/product\/piec-gazowy-dwufunkcyjny-vaillant-ecotec-plus-39-318kw-kondensacyjny-ogrzewanie","title":{"rendered":"Piec gazowy dwufunkcyjny Vaillant ecoTEC plus 3,9-31,8kW kondensacyjny &#8211; ogrzewanie"},"content":{"rendered":"<p>We wrze\u015bniu 2013 r. Unia Europejska przyj\u0119\u0142a pakiet rozporz\u0105dze\u0144 dotycz\u0105cych ograniczenia zu\u017cycia energii i ochrony klimatu znane jako rozporz\u0105dzenie Energy-related Products (ErP) i rozporz\u0105dzenie o oznakowaniu urz\u0105dze\u0144 etykietami energetycznymi (ELD).<\/p>\n<p><a href=\"https:\/\/www.vaillant.pl\/klienci-indywidualni\/search-result-page-128793.html?facets=f%2FcombinedSearch%2FcontentLabel&amp;facets=f%2FcombinedSearch%2FdownloadsLabel&amp;facets=f%2FcombinedSearch%2FproductsLabel&amp;q=ecotec%20plus\">Piec gazowy dwufunkcyjny Vaillant ecoTEC plus 3,9-31,8kW kondensacyjny<\/a><\/p>\n<div style=\"text-align: left;\">\n<div>Piec gazowy kondensacyjny Vaillant z serii EcoTEC plus przeznaczony do instalacji centralnego ogrzewania w domach i mieszkaniach oraz ogrzewania ciep\u0142ej wody w spos\u00f3b przep\u0142ywowy.&nbsp;<\/div>\n<div><\/div>\n<div>Moc na potrzeby C.O. : 3,9 do 27, kW<\/div>\n<div>Moc na potrzeby ciep\u0142ej wody: 31,8W (do 14 itr\u00f3w wody na minute podgrzanej o 30 stopni).<\/div>\n<div><\/div>\n<div>klasa energetyczna A.<\/div>\n<div><\/div>\n<div><b>To, co najwa\u017cniejsze:<\/b><\/div>\n<div>\n<ul>\n<li>bardzo szeroki zakres modulacji palnika i niska moc startowa w po\u0142\u0105czeniu z regulacj\u0105 pogodow\u0105 zapewniaj\u0105 p\u0142ynn\u0105 prac\u0119 oraz oszcz\u0119dno\u015b\u0107 gazu<\/li>\n<li>IoniDetect - funkcja automatycznego dostosowania palnika do zmian jako\u015bci gazu poprawia prac\u0119 pieca w przypadku waha\u0144 jako\u015bci gazu.<\/li>\n<li>wsp\u00f3\u0142praca z szerok\u0105 gam\u0105 regulator\u00f3w cyfrowych pokojowych i pogodowych marki Vaillant.<\/li>\n<\/ul>\n<p><b>Zakres dostawy obejmuje:<\/b><\/p>\n<ul>\n<li>kocio\u0142 gazowy Vaillant ecoTEC plus VCW 32CS\/1-5, uzbrojony w elementy:<\/li>\n<ul>\n<li>naczynie wzbiorcze uk\u0142adu C.O.<\/li>\n<li>pompa obiegowa C.O.<\/li>\n<\/ul>\n<li>zestaw z\u0142\u0105czek hydraulicznych pod pod\u0142\u0105czenia pieca gazowego do instalacji,<\/li>\n<li>w\u0119\u017cyk odprowadzenia kondensatu,<\/li>\n<li>dokumentacja techniczna wraz z szablonem monta\u017cowym,<\/li>\n<li>karta gwarancyjna z programem bonusowym VEP dla instalator\u00f3w.<\/li>\n<\/ul>\n<div><span style=\"background-color: rgb(255, 255, 255);\"><\/p>\n<div>Wymiary: (wysoko\u015b\u0107 x szeroko\u015b\u0107 x g\u0142\u0119boko\u015b\u0107): 720 x440 x348 mm<\/div>\n<div><\/div>\n<div>Kocio\u0142 dostarczany jest w wersji na&nbsp;<b>gaz ziemny GZ50<\/b>&nbsp;z mo\u017cliwo\u015bci\u0105 przezbrojenia na inny rodzaj gazu ziemnego lub gaz p\u0142ynny.<\/div>\n<div>Szczeg\u00f3\u0142owe dane techniczne (wymiary urz\u0105dze\u0144, przy\u0142\u0105cza itp.) dost\u0119pne s\u0105 w dokumentacji PDF pod ilustracjami.<\/div>\n<p><b>Gwarancja producenta: 2 lata - po uruchomieniu przez uprawnionego instalatora.<\/b><\/span><\/div>\n<div><\/div>\n<\/div>\n<\/div>\n<p>&nbsp;<\/p>\n","protected":false},"excerpt":{"rendered":"<p>We wrze\u015bniu 2013 r. Unia Europejska przyj\u0119\u0142a pakiet rozporz\u0105dze\u0144 dotycz\u0105cych ograniczenia zu\u017cycia energii i ochrony klimatu znane jako rozporz\u0105dzenie Energy-related Products (ErP) i rozporz\u0105dzenie o oznakowaniu urz\u0105dze\u0144 etykietami energetycznymi (ELD). Piec gazowy dwufunkcyjny Vaillant ecoTEC plus 3,9-31,8kW kondensacyjny Piec gazowy kondensacyjny Vaillant z serii EcoTEC plus przeznaczony do instalacji centralnego ogrzewania w domach i mieszkaniach <a href=\"https:\/\/uszczelki.300energia.net\/index.php\/product\/piec-gazowy-dwufunkcyjny-vaillant-ecotec-plus-39-318kw-kondensacyjny-ogrzewanie\" class=\"more-link\">Czytaj dalej...<span class=\"screen-reader-text\"> \"Piec gazowy dwufunkcyjny Vaillant ecoTEC plus 3,9-31,8kW kondensacyjny &#8211; ogrzewanie\"<\/span><\/a><\/p>\n","protected":false},"featured_media":1766,"comment_status":"closed","ping_status":"open","template":"","meta":[],"product_brand":[],"product_cat":[1052,1053],"product_tag":[1061,1060,1058,1057],"class_list":{"0":"post-1768","1":"product","2":"type-product","3":"status-publish","4":"has-post-thumbnail","6":"product_cat-ogrzewanie","7":"product_cat-vaillant","8":"product_tag-dwufunkcyjny","9":"product_tag-gazowy","10":"product_tag-piec","11":"product_tag-vaillant","13":"first","14":"instock","15":"product-type-simple","16":"h-entry","17":"hentry"},"jetpack_sharing_enabled":true,"_links":{"self":[{"href":"https:\/\/uszczelki.300energia.net\/index.php\/wp-json\/wp\/v2\/product\/1768","targetHints":{"allow":["GET"]}}],"collection":[{"href":"https:\/\/uszczelki.300energia.net\/index.php\/wp-json\/wp\/v2\/product"}],"about":[{"href":"https:\/\/uszczelki.300energia.net\/index.php\/wp-json\/wp\/v2\/types\/product"}],"replies":[{"embeddable":true,"href":"https:\/\/uszczelki.300energia.net\/index.php\/wp-json\/wp\/v2\/comments?post=1768"}],"wp:featuredmedia":[{"embeddable":true,"href":"https:\/\/uszczelki.300energia.net\/index.php\/wp-json\/wp\/v2\/media\/1766"}],"wp:attachment":[{"href":"https:\/\/uszczelki.300energia.net\/index.php\/wp-json\/wp\/v2\/media?parent=1768"}],"wp:term":[{"taxonomy":"product_brand","embeddable":true,"href":"https:\/\/uszczelki.300energia.net\/index.php\/wp-json\/wp\/v2\/product_brand?post=1768"},{"taxonomy":"product_cat","embeddable":true,"href":"https:\/\/uszczelki.300energia.net\/index.php\/wp-json\/wp\/v2\/product_cat?post=1768"},{"taxonomy":"product_tag","embeddable":true,"href":"https:\/\/uszczelki.300energia.net\/index.php\/wp-json\/wp\/v2\/product_tag?post=1768"}],"curies":[{"name":"wp","href":"https:\/\/api.w.org\/{rel}","templated":true}]}}