{"id":1769,"date":"2021-08-24T21:57:35","date_gmt":"2021-08-24T19:57:35","guid":{"rendered":"https:\/\/uszczelki.300energia.net\/index.php\/product\/piec-gazowy-dwufunkcyjny-vaillant-ecotec-plus-57-27kw-pogodowka-komin-ogrzewanie"},"modified":"2021-08-24T21:57:39","modified_gmt":"2021-08-24T19:57:39","slug":"piec-gazowy-dwufunkcyjny-vaillant-ecotec-plus-57-27kw-pogodowka-komin-ogrzewanie","status":"publish","type":"product","link":"https:\/\/uszczelki.300energia.net\/index.php\/product\/piec-gazowy-dwufunkcyjny-vaillant-ecotec-plus-57-27kw-pogodowka-komin-ogrzewanie","title":{"rendered":"Piec gazowy dwufunkcyjny Vaillant ecoTEC plus 5,7-27kW pogod\u00f3wka komin &#8211; ogrzewanie"},"content":{"rendered":"<p>We wrze\u015bniu 2013 r. Unia Europejska przyj\u0119\u0142a pakiet rozporz\u0105dze\u0144 dotycz\u0105cych ograniczenia zu\u017cycia energii i ochrony klimatu znane jako rozporz\u0105dzenie Energy-related Products (ErP) i rozporz\u0105dzenie o oznakowaniu urz\u0105dze\u0144 etykietami energetycznymi (ELD).<\/p>\n<p><a href=\"https:\/\/www.vaillant.pl\/klienci-indywidualni\/search-result-page-128793.html?facets=f%2FcombinedSearch%2FcontentLabel&amp;facets=f%2FcombinedSearch%2FdownloadsLabel&amp;facets=f%2FcombinedSearch%2FproductsLabel&amp;q=ecotec%20plus\">Piec gazowy dwufunkcyjny Vaillant ecoTEC plus 5,7-27kW pogod\u00f3wka komin<\/a><\/p>\n<div style=\"background-color: rgb(255, 255, 255);\">\n<p>Kompletne \u017ar\u00f3d\u0142o ciep\u0142a <b>dla&nbsp; dom\u00f3w jednorodzinnych&nbsp; i mieszka\u0144 do ponad 200 m2<\/b> oraz przygotowywania ciep\u0142ej wody w spos\u00f3b przep\u0142ywowy.&nbsp;<\/p>\n<p>Wydajno\u015b\u0107 ciep\u0142ej wody u\u017cytkowej to 14,4 litra\/min przy delta T 30 stopni.<\/p>\n<p>System kondensacji pary wodnej sprawia oraz regulacja pogodowa, \u017ce kocio\u0142 pracuje z wi\u0119ksz\u0105 wydajno\u015bci\u0105 w stosunku do innych kot\u0142\u00f3w gazowych. Pocz\u0105tkowo wi\u0119ksza cena zakupu jest rekompensowana ni\u017cszymi rachunkami za gaz, dlatego szczeg\u00f3lnie polecany jest do dom\u00f3w i mieszka\u0144 o du\u017cej powierzchni oraz dom\u00f3w gdzie paliwem jest du\u017co dro\u017cszy gaz p\u0142ynny.&nbsp;<\/p>\n<p>Kocio\u0142 z zamkni\u0119t\u0105 komor\u0105 spalania. Powietrze potrzebne do spalania pobierane jest dodatkow\u0105 rur\u0105 z zewn\u0105trz budynku, dzi\u0119ki temu kocio\u0142 nie wymaga specjalnego pomieszczenia i mo\u017ce by\u0107 zamontowany w pomieszczeniu o ma\u0142ej kubaturze jak \u0142azienka lub kuchnia.<\/p>\n<p>W pe\u0142ni elektroniczny panel sterowania z komunikatami o pracy palnika i systemu ogrzewania i komunikatami dotycz\u0105cymi serwisu.<\/p>\n<div>\n<div><b>Zakres dostawy obejmuje<\/b><\/div>\n<div style=\"text-align: center;\">\n<ul style=\"text-align: start;\">\n<li>kocio\u0142 gazowy Vaillant ecoTEC plus VCW 306\/5-5 na gaz GZ 50, uzbrojony w elementy:<\/li>\n<ul>\n<li>naczynie wzbiorcze 10 litr\u00f3w,<\/li>\n<li>zaw\u00f3r tr\u00f3jdrogowy,<\/li>\n<li>pompa cyrkulacyjna,<\/li>\n<\/ul>\n<li>uchwyt kot\u0142a,<\/li>\n<li>w\u0105\u017c odprowadzenia kondensatu,<\/li>\n<li>zaw\u00f3r bezpiecze\u0144stwa,<\/li>\n<li>z\u0142\u0105cze \u015brubowe zaciskowe,<\/li>\n<li>podw\u00f3jny \u0142\u0105cznik gwintowany 1\/2 x 3\/4 cala.<\/li>\n<li>dwie uszczelki 1\/2 cala.<\/li>\n<li>przewodowy regulator pogodowy multiMATIC 700 wraz z czujnikiem zewn\u0119trznym,<\/li>\n<li>przy\u0142\u0105cze do szachtu kominowego 60\/100 z kolankiem podporowym<\/li>\n<\/ul>\n<\/div>\n<p>Wymiary 720 x 440 x 338 mm (wysoko\u015b\u0107 x szeroko\u015b\u0107 x g\u0142\u0119boko\u015b\u0107).<\/p>\n<p>Ci\u0119\u017car netto kot\u0142a oko\u0142o 36 kg.<\/p>\n<p>Gwarancja producenta: 2 lata po uruchomieniu przez uprawnionego instalatora z sieci serwisowej Vaillant.<\/p>\n<\/div>\n<\/div>\n<p>&nbsp;<\/p>\n","protected":false},"excerpt":{"rendered":"<p>We wrze\u015bniu 2013 r. Unia Europejska przyj\u0119\u0142a pakiet rozporz\u0105dze\u0144 dotycz\u0105cych ograniczenia zu\u017cycia energii i ochrony klimatu znane jako rozporz\u0105dzenie Energy-related Products (ErP) i rozporz\u0105dzenie o oznakowaniu urz\u0105dze\u0144 etykietami energetycznymi (ELD). Piec gazowy dwufunkcyjny Vaillant ecoTEC plus 5,7-27kW pogod\u00f3wka komin Kompletne \u017ar\u00f3d\u0142o ciep\u0142a dla&nbsp; dom\u00f3w jednorodzinnych&nbsp; i mieszka\u0144 do ponad 200 m2 oraz przygotowywania ciep\u0142ej wody <a href=\"https:\/\/uszczelki.300energia.net\/index.php\/product\/piec-gazowy-dwufunkcyjny-vaillant-ecotec-plus-57-27kw-pogodowka-komin-ogrzewanie\" class=\"more-link\">Czytaj dalej...<span class=\"screen-reader-text\"> \"Piec gazowy dwufunkcyjny Vaillant ecoTEC plus 5,7-27kW pogod\u00f3wka komin &#8211; ogrzewanie\"<\/span><\/a><\/p>\n","protected":false},"featured_media":1770,"comment_status":"closed","ping_status":"open","template":"","meta":[],"product_brand":[],"product_cat":[1052,1053],"product_tag":[1061,1060,1058,1057],"class_list":{"0":"post-1769","1":"product","2":"type-product","3":"status-publish","4":"has-post-thumbnail","6":"product_cat-ogrzewanie","7":"product_cat-vaillant","8":"product_tag-dwufunkcyjny","9":"product_tag-gazowy","10":"product_tag-piec","11":"product_tag-vaillant","13":"first","14":"instock","15":"product-type-simple","16":"h-entry","17":"hentry"},"jetpack_sharing_enabled":true,"_links":{"self":[{"href":"https:\/\/uszczelki.300energia.net\/index.php\/wp-json\/wp\/v2\/product\/1769","targetHints":{"allow":["GET"]}}],"collection":[{"href":"https:\/\/uszczelki.300energia.net\/index.php\/wp-json\/wp\/v2\/product"}],"about":[{"href":"https:\/\/uszczelki.300energia.net\/index.php\/wp-json\/wp\/v2\/types\/product"}],"replies":[{"embeddable":true,"href":"https:\/\/uszczelki.300energia.net\/index.php\/wp-json\/wp\/v2\/comments?post=1769"}],"wp:featuredmedia":[{"embeddable":true,"href":"https:\/\/uszczelki.300energia.net\/index.php\/wp-json\/wp\/v2\/media\/1770"}],"wp:attachment":[{"href":"https:\/\/uszczelki.300energia.net\/index.php\/wp-json\/wp\/v2\/media?parent=1769"}],"wp:term":[{"taxonomy":"product_brand","embeddable":true,"href":"https:\/\/uszczelki.300energia.net\/index.php\/wp-json\/wp\/v2\/product_brand?post=1769"},{"taxonomy":"product_cat","embeddable":true,"href":"https:\/\/uszczelki.300energia.net\/index.php\/wp-json\/wp\/v2\/product_cat?post=1769"},{"taxonomy":"product_tag","embeddable":true,"href":"https:\/\/uszczelki.300energia.net\/index.php\/wp-json\/wp\/v2\/product_tag?post=1769"}],"curies":[{"name":"wp","href":"https:\/\/api.w.org\/{rel}","templated":true}]}}