{"id":1773,"date":"2021-08-24T21:57:35","date_gmt":"2021-08-24T19:57:35","guid":{"rendered":"https:\/\/uszczelki.300energia.net\/index.php\/product\/piec-gazowy-dwufunkcyjny-vaillant-ecotec-pure-72-244kw-kondensacyjny-ogrzewanie"},"modified":"2021-08-24T21:57:40","modified_gmt":"2021-08-24T19:57:40","slug":"piec-gazowy-dwufunkcyjny-vaillant-ecotec-pure-72-244kw-kondensacyjny-ogrzewanie","status":"publish","type":"product","link":"https:\/\/uszczelki.300energia.net\/index.php\/product\/piec-gazowy-dwufunkcyjny-vaillant-ecotec-pure-72-244kw-kondensacyjny-ogrzewanie","title":{"rendered":"Piec gazowy dwufunkcyjny Vaillant ecoTEC pure 7,2-24,4kW kondensacyjny &#8211; ogrzewanie"},"content":{"rendered":"<p>We wrze\u015bniu 2013 r. Unia Europejska przyj\u0119\u0142a pakiet rozporz\u0105dze\u0144 dotycz\u0105cych ograniczenia zu\u017cycia energii i ochrony klimatu znane jako rozporz\u0105dzenie Energy-related Products (ErP) i rozporz\u0105dzenie o oznakowaniu urz\u0105dze\u0144 etykietami energetycznymi (ELD).<\/p>\n<p><a href=\"https:\/\/www.vaillant.pl\/klienci-indywidualni\/search-result-page-128793.html?facets=f%2FcombinedSearch%2FcontentLabel&amp;facets=f%2FcombinedSearch%2FdownloadsLabel&amp;facets=f%2FcombinedSearch%2FproductsLabel&amp;q=ecotec%20plus\">Piec gazowy dwufunkcyjny Vaillant ecoTEC pure 7,2-24,4kW kondensacyjny<\/a><\/p>\n<p>Kocio\u0142 gazowy Vaillant pure dwufunkcyjny kondensacyjny to nowoczesne i oszcz\u0119dne \u017ar\u00f3d\u0142o ciep\u0142a do mieszka\u0144 i dom\u00f3w jednorodzinnych o sprawno\u015bci znormalizowanej 107,5%. Znakoicie nadaje si\u0119 zar\u00f3wno do instalacji grzejnikowych, jak i pod\u0142ogowych.<\/p>\n<div><\/div>\n<div><b>To, co najwa\u017cniejsze:<\/b><\/p>\n<div>\n<ul>\n<li>moc na potrzeby centralnego ogrzewania: 7 - 20,1 kW (c.o.) -&nbsp; do 200m2 mieszkania lub domu.<\/li>\n<li>moc na potrzeby ciep\u0142ej wody u\u017cytkowej 24,4kW - pozwala podgrza\u0107 11,5 litra wody o 30 stopni na minut\u0119.<\/li>\n<li>fabrycznie przygotowany dla paliwa: GZ 50&nbsp;&nbsp;- mo\u017cliwo\u015b\u0107 przezbrojenia na gaz p\u0142ynny.<\/li>\n<li>minimalny przep\u0142yw ciep\u0142ej wody 1,7 l\/min.<\/li>\n<\/ul>\n<\/div>\n<div>\n<p>System kondensacji pary wodnej sprawia \u017ce kocio\u0142 pracuje z wi\u0119ksz\u0105 wydajno\u015bci\u0105 w stosunku do innych kot\u0142\u00f3w gazowych. Pocz\u0105tkowo wi\u0119ksza cena zakupu jest rekompensowana ni\u017cszymi rachunkami za gaz. W stosunku do starych kot\u0142\u00f3w z otwart\u0105 komor\u0105 spalania, <b>oszcz\u0119dno\u015bci na zu\u017cyciu gazu mog\u0105 si\u0119ga\u0107 30%.<\/b><\/p>\n<p>Kocio\u0142 z zamkni\u0119t\u0105 komor\u0105 spalania. Powietrze potrzebne do spalania pobierane jest dodatkow\u0105 rur\u0105 z zewn\u0105trz budynku, dzi\u0119ki temu kocio\u0142 nie wymaga specjalnego pomieszczenia i mo\u017ce by\u0107 zamontowany w pomieszczeniu o ma\u0142ej kubaturze jak \u0142azienka lub kuchnia.<\/p>\n<div id=\"video\" style=\"font-weight: bold;\">Dostarczany w prezentowanej cenie kocio\u0142 gazowy w wersji ecoTEC Pure VCW 226\/7-2 posiada:<\/div>\n<div>\n<ul>\n<li>elektroniczn\u0105 pomp\u0119 cyrkulacyjn\u0105 uk\u0142adu C.O. o wydajno\u015bci: 797 l\/h,<\/li>\n<li>naczynie przeponowe uk\u0142adu C.O. o pojemno\u015bci 8 litr\u00f3w,<\/li>\n<li>przy\u0142\u0105cze uk\u0142adu spalinowego 60\/100mm,<\/li>\n<li>elektroniczny panel steruj\u0105cy,<\/li>\n<li>przy\u0142\u0105cze komunikacyjne cyfrowe eBUS - <a href=\"\/regulatory-vaillant\" onclick=\"null\">du\u017cy wyb\u00f3r regulator\u00f3w pokojowych i pogodowych wraz z funkcjami zdalnego sterowania przez internet lub systemami KNX<\/a>.<\/li>\n<\/ul>\n<div><b>Do pod\u0142\u0105czenia do instalacji wymagany jest zestaw z\u0142\u0105czek o numerze katalogowym&nbsp;ISM-01-21624.<\/b><\/div>\n<div><b><br \/><\/b><\/div>\n<div>Dane techniczne:<\/div>\n<\/div>\n<div>\n<ul>\n<li>waga 37 kg.<\/li>\n<li>wymiary (wysoko\u015b\u0107 x szeroko\u015b\u0107 x g\u0142\u0119boko\u015b\u0107): 720x440x355mm,<\/li>\n<li>przy\u0142\u0105cze uk\u0142adu C.O. 3\/4 cala,<\/li>\n<li>przy\u0142\u0105cze gazowe 1\/2 cala,<\/li>\n<li>klasa energetyczna A.<\/li>\n<\/ul>\n<\/div>\n<p><b>Gwarancja 2 lata -po uruchomieniu przez uprawnionego serwisanta firmy Vaillant.<\/b><\/div>\n<\/div>\n<div><b><br \/><\/b><\/div>\n<p>&nbsp;<\/p>\n","protected":false},"excerpt":{"rendered":"<p>We wrze\u015bniu 2013 r. Unia Europejska przyj\u0119\u0142a pakiet rozporz\u0105dze\u0144 dotycz\u0105cych ograniczenia zu\u017cycia energii i ochrony klimatu znane jako rozporz\u0105dzenie Energy-related Products (ErP) i rozporz\u0105dzenie o oznakowaniu urz\u0105dze\u0144 etykietami energetycznymi (ELD). Piec gazowy dwufunkcyjny Vaillant ecoTEC pure 7,2-24,4kW kondensacyjny Kocio\u0142 gazowy Vaillant pure dwufunkcyjny kondensacyjny to nowoczesne i oszcz\u0119dne \u017ar\u00f3d\u0142o ciep\u0142a do mieszka\u0144 i dom\u00f3w jednorodzinnych <a href=\"https:\/\/uszczelki.300energia.net\/index.php\/product\/piec-gazowy-dwufunkcyjny-vaillant-ecotec-pure-72-244kw-kondensacyjny-ogrzewanie\" class=\"more-link\">Czytaj dalej...<span class=\"screen-reader-text\"> \"Piec gazowy dwufunkcyjny Vaillant ecoTEC pure 7,2-24,4kW kondensacyjny &#8211; ogrzewanie\"<\/span><\/a><\/p>\n","protected":false},"featured_media":1774,"comment_status":"closed","ping_status":"open","template":"","meta":[],"product_brand":[],"product_cat":[1052,1053],"product_tag":[1061,1060,1058,1057],"class_list":{"0":"post-1773","1":"product","2":"type-product","3":"status-publish","4":"has-post-thumbnail","6":"product_cat-ogrzewanie","7":"product_cat-vaillant","8":"product_tag-dwufunkcyjny","9":"product_tag-gazowy","10":"product_tag-piec","11":"product_tag-vaillant","13":"first","14":"instock","15":"product-type-simple","16":"h-entry","17":"hentry"},"jetpack_sharing_enabled":true,"_links":{"self":[{"href":"https:\/\/uszczelki.300energia.net\/index.php\/wp-json\/wp\/v2\/product\/1773","targetHints":{"allow":["GET"]}}],"collection":[{"href":"https:\/\/uszczelki.300energia.net\/index.php\/wp-json\/wp\/v2\/product"}],"about":[{"href":"https:\/\/uszczelki.300energia.net\/index.php\/wp-json\/wp\/v2\/types\/product"}],"replies":[{"embeddable":true,"href":"https:\/\/uszczelki.300energia.net\/index.php\/wp-json\/wp\/v2\/comments?post=1773"}],"wp:featuredmedia":[{"embeddable":true,"href":"https:\/\/uszczelki.300energia.net\/index.php\/wp-json\/wp\/v2\/media\/1774"}],"wp:attachment":[{"href":"https:\/\/uszczelki.300energia.net\/index.php\/wp-json\/wp\/v2\/media?parent=1773"}],"wp:term":[{"taxonomy":"product_brand","embeddable":true,"href":"https:\/\/uszczelki.300energia.net\/index.php\/wp-json\/wp\/v2\/product_brand?post=1773"},{"taxonomy":"product_cat","embeddable":true,"href":"https:\/\/uszczelki.300energia.net\/index.php\/wp-json\/wp\/v2\/product_cat?post=1773"},{"taxonomy":"product_tag","embeddable":true,"href":"https:\/\/uszczelki.300energia.net\/index.php\/wp-json\/wp\/v2\/product_tag?post=1773"}],"curies":[{"name":"wp","href":"https:\/\/api.w.org\/{rel}","templated":true}]}}