{"id":1777,"date":"2021-08-24T21:57:35","date_gmt":"2021-08-24T19:57:35","guid":{"rendered":"https:\/\/uszczelki.300energia.net\/index.php\/product\/piec-gazowy-vaillant-ecotec-122-582kw-kondensacyjny-ogrzewanie"},"modified":"2021-08-24T21:57:41","modified_gmt":"2021-08-24T19:57:41","slug":"piec-gazowy-vaillant-ecotec-122-582kw-kondensacyjny-ogrzewanie","status":"publish","type":"product","link":"https:\/\/uszczelki.300energia.net\/index.php\/product\/piec-gazowy-vaillant-ecotec-122-582kw-kondensacyjny-ogrzewanie","title":{"rendered":"Piec gazowy Vaillant ecoTEC 12,2-58,2kW kondensacyjny &#8211; ogrzewanie"},"content":{"rendered":"<p>We wrze\u015bniu 2013 r. Unia Europejska przyj\u0119\u0142a pakiet rozporz\u0105dze\u0144 dotycz\u0105cych ograniczenia zu\u017cycia energii i ochrony klimatu znane jako rozporz\u0105dzenie Energy-related Products (ErP) i rozporz\u0105dzenie o oznakowaniu urz\u0105dze\u0144 etykietami energetycznymi (ELD).<\/p>\n<p><a href=\"https:\/\/www.vaillant.pl\/klienci-indywidualni\/search-result-page-128793.html?facets=f%2FcombinedSearch%2FcontentLabel&amp;facets=f%2FcombinedSearch%2FdownloadsLabel&amp;facets=f%2FcombinedSearch%2FproductsLabel&amp;q=ecotec%20plus\">Piec gazowy Vaillant ecoTEC 12,2-58,2kW kondensacyjny<\/a><\/p>\n<p>Kocio\u0142 gazowy Vaillant jednofunkcyjny kondensacyjny: moc:12,2- 58,2 kW ***** paliwo: GZ 50<\/p>\n<div>\n<p>Kompletne \u017ar\u00f3d\u0142o ciep\u0142a dla du\u017cych mieszka\u0144 i dom\u00f3w jednorodzinnych.&nbsp;System kondensacji pary wodnej sprawia \u017ce kocio\u0142 pracuje z wi\u0119ksz\u0105 wydajno\u015bci\u0105 w stosunku do innych kot\u0142\u00f3w gazowych. Pocz\u0105tkowo wi\u0119ksza cena zakupu jest rekompensowana ni\u017cszymi rachunkami za gaz dlatego szczeg\u00f3lnie polecany jest do dom\u00f3w i mieszka\u0144 o du\u017cej powierzchni oraz dom\u00f3w gdzie paliwem jest du\u017co dro\u017cszy gaz p\u0142ynny.&nbsp;<br \/> Kocio\u0142 z zamkni\u0119t\u0105 komor\u0105 spalania. Powietrze potrzebne do spalania pobierane jest dodatkow\u0105 rur\u0105 z zewn\u0105trz budynku, dzi\u0119ki temu kocio\u0142 nie wymaga specjalnego pomieszczenia i mo\u017ce by\u0107 zamontowany w pomieszczeniu o ma\u0142ej kubaturze jak \u0142azienka lub kuchnia.<br \/> W pe\u0142ni elektroniczny panel sterowania z komunikatami o pracy palnika i systemu ogrzewania i komunikatami dotycz\u0105cymi serwisu. Palnik wykonany jest ze stali szlachetnej, co zapewnia du\u017c\u0105 trwa\u0142o\u015b\u0107 urz\u0105dzenia.<\/p>\n<p>Istnieje mo\u017cliwo\u015b\u0107 rozbudowy o zasobnik centralnej wody u\u017cytkowej. Kupuj\u0105c pakiet promocyjny z zasobnikiem otrzymujesz markowy zestaw w bardzo atrakcyjnej cenie.<\/p>\n<ul>\n<li>Gwarancja producenta: 2 lata<\/li>\n<\/ul>\n<\/div>\n<p>&nbsp;<\/p>\n","protected":false},"excerpt":{"rendered":"<p>We wrze\u015bniu 2013 r. Unia Europejska przyj\u0119\u0142a pakiet rozporz\u0105dze\u0144 dotycz\u0105cych ograniczenia zu\u017cycia energii i ochrony klimatu znane jako rozporz\u0105dzenie Energy-related Products (ErP) i rozporz\u0105dzenie o oznakowaniu urz\u0105dze\u0144 etykietami energetycznymi (ELD). Piec gazowy Vaillant ecoTEC 12,2-58,2kW kondensacyjny Kocio\u0142 gazowy Vaillant jednofunkcyjny kondensacyjny: moc:12,2- 58,2 kW ***** paliwo: GZ 50 Kompletne \u017ar\u00f3d\u0142o ciep\u0142a dla du\u017cych mieszka\u0144 i <a href=\"https:\/\/uszczelki.300energia.net\/index.php\/product\/piec-gazowy-vaillant-ecotec-122-582kw-kondensacyjny-ogrzewanie\" class=\"more-link\">Czytaj dalej...<span class=\"screen-reader-text\"> \"Piec gazowy Vaillant ecoTEC 12,2-58,2kW kondensacyjny &#8211; ogrzewanie\"<\/span><\/a><\/p>\n","protected":false},"featured_media":1778,"comment_status":"closed","ping_status":"open","template":"","meta":[],"product_brand":[],"product_cat":[1052,1053],"product_tag":[1062,1060,1058,1057],"class_list":{"0":"post-1777","1":"product","2":"type-product","3":"status-publish","4":"has-post-thumbnail","6":"product_cat-ogrzewanie","7":"product_cat-vaillant","8":"product_tag-ecotec","9":"product_tag-gazowy","10":"product_tag-piec","11":"product_tag-vaillant","13":"first","14":"instock","15":"product-type-simple","16":"h-entry","17":"hentry"},"jetpack_sharing_enabled":true,"_links":{"self":[{"href":"https:\/\/uszczelki.300energia.net\/index.php\/wp-json\/wp\/v2\/product\/1777","targetHints":{"allow":["GET"]}}],"collection":[{"href":"https:\/\/uszczelki.300energia.net\/index.php\/wp-json\/wp\/v2\/product"}],"about":[{"href":"https:\/\/uszczelki.300energia.net\/index.php\/wp-json\/wp\/v2\/types\/product"}],"replies":[{"embeddable":true,"href":"https:\/\/uszczelki.300energia.net\/index.php\/wp-json\/wp\/v2\/comments?post=1777"}],"wp:featuredmedia":[{"embeddable":true,"href":"https:\/\/uszczelki.300energia.net\/index.php\/wp-json\/wp\/v2\/media\/1778"}],"wp:attachment":[{"href":"https:\/\/uszczelki.300energia.net\/index.php\/wp-json\/wp\/v2\/media?parent=1777"}],"wp:term":[{"taxonomy":"product_brand","embeddable":true,"href":"https:\/\/uszczelki.300energia.net\/index.php\/wp-json\/wp\/v2\/product_brand?post=1777"},{"taxonomy":"product_cat","embeddable":true,"href":"https:\/\/uszczelki.300energia.net\/index.php\/wp-json\/wp\/v2\/product_cat?post=1777"},{"taxonomy":"product_tag","embeddable":true,"href":"https:\/\/uszczelki.300energia.net\/index.php\/wp-json\/wp\/v2\/product_tag?post=1777"}],"curies":[{"name":"wp","href":"https:\/\/api.w.org\/{rel}","templated":true}]}}