{"id":1792,"date":"2021-08-24T21:57:44","date_gmt":"2021-08-24T19:57:44","guid":{"rendered":"https:\/\/uszczelki.300energia.net\/index.php\/product\/piec-gazowy-vaillant-ecotec-pure-72-201kw-kondensacyjny-ogrzewanie"},"modified":"2021-08-24T21:57:44","modified_gmt":"2021-08-24T19:57:44","slug":"piec-gazowy-vaillant-ecotec-pure-72-201kw-kondensacyjny-ogrzewanie","status":"publish","type":"product","link":"https:\/\/uszczelki.300energia.net\/index.php\/product\/piec-gazowy-vaillant-ecotec-pure-72-201kw-kondensacyjny-ogrzewanie","title":{"rendered":"Piec gazowy Vaillant ecoTEC pure 7,2-20,1kW kondensacyjny &#8211; ogrzewanie"},"content":{"rendered":"<p>We wrze\u015bniu 2013 r. Unia Europejska przyj\u0119\u0142a pakiet rozporz\u0105dze\u0144 dotycz\u0105cych ograniczenia zu\u017cycia energii i ochrony klimatu znane jako rozporz\u0105dzenie Energy-related Products (ErP) i rozporz\u0105dzenie o oznakowaniu urz\u0105dze\u0144 etykietami energetycznymi (ELD).<\/p>\n<p><a href=\"https:\/\/www.vaillant.pl\/klienci-indywidualni\/search-result-page-128793.html?facets=f%2FcombinedSearch%2FcontentLabel&amp;facets=f%2FcombinedSearch%2FdownloadsLabel&amp;facets=f%2FcombinedSearch%2FproductsLabel&amp;q=ecotec%20plus\">Piec gazowy Vaillant ecoTEC pure 7,2-20,1kW kondensacyjny<\/a><\/p>\n<p>Kocio\u0142 gazowy Vaillant pure kondensacyjny: moc: 7,2 - 20,1 kW (c.o.) paliwo: GZ 50&nbsp;<\/p>\n<p>Kompletne \u017ar\u00f3d\u0142o ciep\u0142a dla ogrzewa\u0144 eta\u017cowych i dom\u00f3w jednorodzinnych oraz przygotowywania ciep\u0142ej wody po pod\u0142\u0105czeniu zasobnika ciep\u0142ej wody przez zaw\u00f3r tr\u00f3jdrogowy.<\/p>\n<p>System kondensacji pary wodnej sprawia \u017ce kocio\u0142 pracuje z wi\u0119ksz\u0105 wydajno\u015bci\u0105 w stosunku do zwyk\u0142ych kot\u0142\u00f3w gazowych. Pocz\u0105tkowo wi\u0119ksza cena zakupu jest rekompensowana ni\u017cszymi rachunkami za gaz dlatego szczeg\u00f3lnie polecany jest do dom\u00f3w i mieszka\u0144 o du\u017cej powierzchni.<\/p>\n<p>Kocio\u0142 z zamkni\u0119t\u0105 komor\u0105 spalania. Powietrze potrzebne do spalania pobierane jest dodatkow\u0105 rur\u0105 z zewn\u0105trz budynku, dzi\u0119ki temu kocio\u0142 nie wymaga specjalnego pomieszczenia i mo\u017ce by\u0107 zamontowany w pomieszczeniu o ma\u0142ej kubaturze jak \u0142azienka lub kuchnia.<\/p>\n<p><b>Do pod\u0142\u0105czenia do instalacji wymagany jest zestaw z\u0142\u0105czek o numerze katalogowym&nbsp;ISM-01-21624.<\/b><\/p>\n<div id=\"video\" style=\"font-weight: bold;\"><a href=\"https:\/\/www.youtube.com\/watch?v=fn46_gWZBnc\" title=\"Piece gazowe Vaillant ecoTEC Pure\" class=\"swipebox\"><img decoding=\"async\" src=\"https:\/\/img.youtube.com\/vi\/fn46_gWZBnc\/mqdefault.jpg\" alt=\"\"><img decoding=\"async\" class=\"yt-play\" src=\"\/img\/youtube-play.png\" alt=\"\"><\/a><\/div>\n<ul>\n<li>Gwarancja 2 lata.<\/li>\n<\/ul>\n<p>&nbsp;<\/p>\n","protected":false},"excerpt":{"rendered":"<p>We wrze\u015bniu 2013 r. Unia Europejska przyj\u0119\u0142a pakiet rozporz\u0105dze\u0144 dotycz\u0105cych ograniczenia zu\u017cycia energii i ochrony klimatu znane jako rozporz\u0105dzenie Energy-related Products (ErP) i rozporz\u0105dzenie o oznakowaniu urz\u0105dze\u0144 etykietami energetycznymi (ELD). Piec gazowy Vaillant ecoTEC pure 7,2-20,1kW kondensacyjny Kocio\u0142 gazowy Vaillant pure kondensacyjny: moc: 7,2 - 20,1 kW (c.o.) paliwo: GZ 50&nbsp; Kompletne \u017ar\u00f3d\u0142o ciep\u0142a dla <a href=\"https:\/\/uszczelki.300energia.net\/index.php\/product\/piec-gazowy-vaillant-ecotec-pure-72-201kw-kondensacyjny-ogrzewanie\" class=\"more-link\">Czytaj dalej...<span class=\"screen-reader-text\"> \"Piec gazowy Vaillant ecoTEC pure 7,2-20,1kW kondensacyjny &#8211; ogrzewanie\"<\/span><\/a><\/p>\n","protected":false},"featured_media":1774,"comment_status":"closed","ping_status":"open","template":"","meta":[],"product_brand":[],"product_cat":[1052,1053],"product_tag":[1060,1058,1057],"class_list":{"0":"post-1792","1":"product","2":"type-product","3":"status-publish","4":"has-post-thumbnail","6":"product_cat-ogrzewanie","7":"product_cat-vaillant","8":"product_tag-gazowy","9":"product_tag-piec","10":"product_tag-vaillant","12":"first","13":"instock","14":"product-type-simple","15":"h-entry","16":"hentry"},"jetpack_sharing_enabled":true,"_links":{"self":[{"href":"https:\/\/uszczelki.300energia.net\/index.php\/wp-json\/wp\/v2\/product\/1792","targetHints":{"allow":["GET"]}}],"collection":[{"href":"https:\/\/uszczelki.300energia.net\/index.php\/wp-json\/wp\/v2\/product"}],"about":[{"href":"https:\/\/uszczelki.300energia.net\/index.php\/wp-json\/wp\/v2\/types\/product"}],"replies":[{"embeddable":true,"href":"https:\/\/uszczelki.300energia.net\/index.php\/wp-json\/wp\/v2\/comments?post=1792"}],"wp:featuredmedia":[{"embeddable":true,"href":"https:\/\/uszczelki.300energia.net\/index.php\/wp-json\/wp\/v2\/media\/1774"}],"wp:attachment":[{"href":"https:\/\/uszczelki.300energia.net\/index.php\/wp-json\/wp\/v2\/media?parent=1792"}],"wp:term":[{"taxonomy":"product_brand","embeddable":true,"href":"https:\/\/uszczelki.300energia.net\/index.php\/wp-json\/wp\/v2\/product_brand?post=1792"},{"taxonomy":"product_cat","embeddable":true,"href":"https:\/\/uszczelki.300energia.net\/index.php\/wp-json\/wp\/v2\/product_cat?post=1792"},{"taxonomy":"product_tag","embeddable":true,"href":"https:\/\/uszczelki.300energia.net\/index.php\/wp-json\/wp\/v2\/product_tag?post=1792"}],"curies":[{"name":"wp","href":"https:\/\/api.w.org\/{rel}","templated":true}]}}