{"id":1793,"date":"2021-08-24T21:57:44","date_gmt":"2021-08-24T19:57:44","guid":{"rendered":"https:\/\/uszczelki.300energia.net\/index.php\/product\/piec-gazowy-vaillant-vsc-43-215-kw-kondensacyjny-zasobnik-warstwowy-150l-pogodowka-i-komin-ogrzewanie"},"modified":"2021-08-24T21:57:45","modified_gmt":"2021-08-24T19:57:45","slug":"piec-gazowy-vaillant-vsc-43-215-kw-kondensacyjny-zasobnik-warstwowy-150l-pogodowka-i-komin-ogrzewanie","status":"publish","type":"product","link":"https:\/\/uszczelki.300energia.net\/index.php\/product\/piec-gazowy-vaillant-vsc-43-215-kw-kondensacyjny-zasobnik-warstwowy-150l-pogodowka-i-komin-ogrzewanie","title":{"rendered":"Piec gazowy Vaillant VSC 4,3-21,5 kW kondensacyjny zasobnik warstwowy 150L pogod\u00f3wka i komin &#8211; ogrzewanie"},"content":{"rendered":"<p>We wrze\u015bniu 2013 r. Unia Europejska przyj\u0119\u0142a pakiet rozporz\u0105dze\u0144 dotycz\u0105cych ograniczenia zu\u017cycia energii i ochrony klimatu znane jako rozporz\u0105dzenie Energy-related Products (ErP) i rozporz\u0105dzenie o oznakowaniu urz\u0105dze\u0144 etykietami energetycznymi (ELD).<\/p>\n<p><a href=\"https:\/\/www.vaillant.pl\/klienci-indywidualni\/search-result-page-128793.html?facets=f%2FcombinedSearch%2FcontentLabel&amp;facets=f%2FcombinedSearch%2FdownloadsLabel&amp;facets=f%2FcombinedSearch%2FproductsLabel&amp;q=ecotec%20plus\">Piec gazowy Vaillant VSC 4,3-21,5 kW kondensacyjny zasobnik warstwowy 150L pogod\u00f3wka i komin<\/a><\/p>\n<p>Piec gazowy kondensacyjny stoj\u0105cy Vaillante VSC z zasobnikiem warstwowym  o pojemno\u015bci 150l to podstawowy zestaw do ogrzewania mieszkania lub domu  wyposa\u017conego w jeden lub kilka obieg\u00f3w grzewczych.<\/p>\n<div>Szeroki zakres modulacji palnika zapewnia ekonomiczne ogrzewanie dom\u00f3w i mieszka\u0144 o powierzchni&nbsp;<b>od 100 do 250m2<\/b>.<\/div>\n<div>Zasobnik warstwowy o pojemno\u015bci 150 litr\u00f3w gwarantuje&nbsp;<b>komfort ciep\u0142ej wody u\u017cytkowej dla 2-6os\u00f3b<\/b>.<\/div>\n<div><b><br \/><\/b><\/div>\n<div><b>To co najwa\u017cniejsze<\/b><\/div>\n<div>\n<ul>\n<li>praca w trybie kondensacji zapewnia niskie rachunki za gaz,<\/li>\n<li>komfort ciep\u0142ej wody znacznie wy\u017cszy ni\u017c w przypadku pieca dwufunkcyjnego z ogrzewaniem wody w spos\u00f3b przep\u0142ywowy,<\/li>\n<li>pod\u0142\u0105czenie kominowe 60\/100 zapewnia optymaln\u0105 prace palnika bez wzgl\u0119du na ci\u0105g kominowy i wentylacj\u0119 kot\u0142owni.<\/li>\n<li>mo\u017cliwo\u015b\u0107 zastosowania regulator\u00f3w pogodowy oraz automatyki dla kilku obieg\u00f3w grzewczych.<\/li>\n<\/ul>\n<div><b>W zestawie<\/b><\/div>\n<\/div>\n<div>\n<ul>\n<li>piec kondensacyjny stoj\u0105cy Vaillant VSC 206\/4-5 150<\/li>\n<li>najnowszy regulator pogodowy&nbsp;<span style=\"font-weight: bold;\">multiMATIC 700<span style=\"font-style: italic;\">&nbsp;<\/span>+<\/span>czujnik temperatury zewn\u0119trznej - regulator ten po dokupieniu<a href=\"\/regulatory-vaillant\/modul-regulatora-vaillant-vr-900,,rid,13265.html\" title=\"vr 900\">&nbsp;dodatkowego modu\u0142u komunikacyjnego<\/a>&nbsp;umo\u017cliwia zdalne sterowanie przez internet za pomoc\u0105 aplikacji na telefon kom\u00f3rkowy,<\/li>\n<li>podstawowy zestaw powietrzno-spalinowy z pod\u0142\u0105czeniem do szachtu kominowego<\/li>\n<div style=\"text-align: center; background-color: rgb(255, 255, 255);\"><span style=\"font-weight: bold;\"><\/span><\/div>\n<\/ul>\n<div><b>Wymiary kot\u0142a<\/b><\/div>\n<\/div>\n<div><\/div>\n<div>Wysoko\u015b\u0107 1640 mm x Szeroko\u015b\u0107 599 mm x G\u0142\u0119boko\u015b\u0107 693 mm<\/div>\n<div><b><br \/><\/b><\/div>\n<div><b>Gwarancja 2 lata<\/b><\/div>\n<div><\/div>\n<p>&nbsp;<\/p>\n","protected":false},"excerpt":{"rendered":"<p>We wrze\u015bniu 2013 r. Unia Europejska przyj\u0119\u0142a pakiet rozporz\u0105dze\u0144 dotycz\u0105cych ograniczenia zu\u017cycia energii i ochrony klimatu znane jako rozporz\u0105dzenie Energy-related Products (ErP) i rozporz\u0105dzenie o oznakowaniu urz\u0105dze\u0144 etykietami energetycznymi (ELD). Piec gazowy Vaillant VSC 4,3-21,5 kW kondensacyjny zasobnik warstwowy 150L pogod\u00f3wka i komin Piec gazowy kondensacyjny stoj\u0105cy Vaillante VSC z zasobnikiem warstwowym o pojemno\u015bci 150l <a href=\"https:\/\/uszczelki.300energia.net\/index.php\/product\/piec-gazowy-vaillant-vsc-43-215-kw-kondensacyjny-zasobnik-warstwowy-150l-pogodowka-i-komin-ogrzewanie\" class=\"more-link\">Czytaj dalej...<span class=\"screen-reader-text\"> \"Piec gazowy Vaillant VSC 4,3-21,5 kW kondensacyjny zasobnik warstwowy 150L pogod\u00f3wka i komin &#8211; ogrzewanie\"<\/span><\/a><\/p>\n","protected":false},"featured_media":1794,"comment_status":"closed","ping_status":"open","template":"","meta":[],"product_brand":[],"product_cat":[1052,1053],"product_tag":[1064,1060,1059,1065,1058,1057,1063],"class_list":{"0":"post-1793","1":"product","2":"type-product","3":"status-publish","4":"has-post-thumbnail","6":"product_cat-ogrzewanie","7":"product_cat-vaillant","8":"product_tag-43-215","9":"product_tag-gazowy","10":"product_tag-kondensacyjny","11":"product_tag-kw","12":"product_tag-piec","13":"product_tag-vaillant","14":"product_tag-vsc","16":"first","17":"instock","18":"product-type-simple","19":"h-entry","20":"hentry"},"jetpack_sharing_enabled":true,"_links":{"self":[{"href":"https:\/\/uszczelki.300energia.net\/index.php\/wp-json\/wp\/v2\/product\/1793","targetHints":{"allow":["GET"]}}],"collection":[{"href":"https:\/\/uszczelki.300energia.net\/index.php\/wp-json\/wp\/v2\/product"}],"about":[{"href":"https:\/\/uszczelki.300energia.net\/index.php\/wp-json\/wp\/v2\/types\/product"}],"replies":[{"embeddable":true,"href":"https:\/\/uszczelki.300energia.net\/index.php\/wp-json\/wp\/v2\/comments?post=1793"}],"wp:featuredmedia":[{"embeddable":true,"href":"https:\/\/uszczelki.300energia.net\/index.php\/wp-json\/wp\/v2\/media\/1794"}],"wp:attachment":[{"href":"https:\/\/uszczelki.300energia.net\/index.php\/wp-json\/wp\/v2\/media?parent=1793"}],"wp:term":[{"taxonomy":"product_brand","embeddable":true,"href":"https:\/\/uszczelki.300energia.net\/index.php\/wp-json\/wp\/v2\/product_brand?post=1793"},{"taxonomy":"product_cat","embeddable":true,"href":"https:\/\/uszczelki.300energia.net\/index.php\/wp-json\/wp\/v2\/product_cat?post=1793"},{"taxonomy":"product_tag","embeddable":true,"href":"https:\/\/uszczelki.300energia.net\/index.php\/wp-json\/wp\/v2\/product_tag?post=1793"}],"curies":[{"name":"wp","href":"https:\/\/api.w.org\/{rel}","templated":true}]}}