{"id":1827,"date":"2022-01-22T11:49:54","date_gmt":"2022-01-22T10:49:54","guid":{"rendered":"https:\/\/uszczelki.300energia.net\/index.php\/product\/uszczelka-8x10mm-40sha-samoprzylepna-epdm-10mb-wzmocniona-katowice"},"modified":"2022-01-22T11:49:59","modified_gmt":"2022-01-22T10:49:59","slug":"uszczelka-8x10mm-40sha-samoprzylepna-epdm-10mb-wzmocniona-katowice","status":"publish","type":"product","link":"https:\/\/uszczelki.300energia.net\/index.php\/product\/uszczelka-8x10mm-40sha-samoprzylepna-epdm-10mb-wzmocniona-katowice","title":{"rendered":"Uszczelka 8x10mm 40&deg;ShA samoprzylepna EPDM 10mb wzmocniona Katowice"},"content":{"rendered":"<ul>\n<li>materia\u0142: guma EPDM o twardo\u015bci oko\u0142o 40 st. Shora w skali A<\/li>\n<li>g\u0119sto\u015b\u0107: \u015brednio 90 kg\/m3<\/li>\n<li>zakres temperatur u\u017cytkowy: -30 do +80 st. C.<\/li>\n<li>nasi\u0105kliwo\u015b\u0107 wody: 1-3%<\/li>\n<li>klej poliakrylowy w formie b\u0142ony zbrojonej z przek\u0142adk\u0105 separacyjn\u0105.<\/li>\n<\/ul>\n<p>Link do aktualnej oferty: <a title=\"Uszczelka pianka EPDM 40st Sha EPDM\" href=\"https:\/\/truckmania.com.pl\/cat-ism\/uszczelki\/samoprzylepne\/\">Uszczelka 8x10mm 40&deg;ShA samoprzylepna EPDM 10mb wzmocniona<\/a><\/p>\n<p>&nbsp;<br \/>\n<img loading=\"lazy\" decoding=\"async\" class=\"wp-image-2559 size-medium aligncenter\" title=\"Uszczelka samoprzylepna 40 st. ShA\" src=\"https:\/\/www.uszczelki-centrum.pl\/img\/produkty\/epdm40sha\/_orginal\/uszczelka-8x10mm-samoprzylepna-40-st-sha-epdm.jpg\" alt=\"Uszczelka 8x10mm 40&deg;ShA samoprzylepna EPDM 10mb wzmocniona\" width=\"500\" height=\"500\" \/><br \/>\nKod katalogowy dystrybutora: ISM-03-01885<\/p>\n","protected":false},"excerpt":{"rendered":"<p>materia\u0142: guma EPDM o twardo\u015bci oko\u0142o 40 st. Shora w skali A g\u0119sto\u015b\u0107: \u015brednio 90 kg\/m3 zakres temperatur u\u017cytkowy: -30 do +80 st. C. nasi\u0105kliwo\u015b\u0107 wody: 1-3% klej poliakrylowy w formie b\u0142ony zbrojonej z przek\u0142adk\u0105 separacyjn\u0105. Link do aktualnej oferty: Uszczelka 8x10mm 40&deg;ShA samoprzylepna EPDM 10mb wzmocniona &nbsp; Kod katalogowy dystrybutora: ISM-03-01885<\/p>\n","protected":false},"featured_media":1869,"comment_status":"closed","ping_status":"open","template":"","meta":[],"product_brand":[],"product_cat":[1022],"product_tag":[1027,1068,1067,1023],"class_list":{"0":"post-1827","1":"product","2":"type-product","3":"status-publish","4":"has-post-thumbnail","6":"product_cat-uszczelki-samoprzylepne","7":"product_tag-epdm","8":"product_tag-mikroguma","9":"product_tag-pianka","10":"product_tag-uszczelka","12":"first","13":"instock","14":"product-type-simple","15":"h-entry","16":"hentry"},"jetpack_sharing_enabled":true,"_links":{"self":[{"href":"https:\/\/uszczelki.300energia.net\/index.php\/wp-json\/wp\/v2\/product\/1827","targetHints":{"allow":["GET"]}}],"collection":[{"href":"https:\/\/uszczelki.300energia.net\/index.php\/wp-json\/wp\/v2\/product"}],"about":[{"href":"https:\/\/uszczelki.300energia.net\/index.php\/wp-json\/wp\/v2\/types\/product"}],"replies":[{"embeddable":true,"href":"https:\/\/uszczelki.300energia.net\/index.php\/wp-json\/wp\/v2\/comments?post=1827"}],"wp:featuredmedia":[{"embeddable":true,"href":"https:\/\/uszczelki.300energia.net\/index.php\/wp-json\/wp\/v2\/media\/1869"}],"wp:attachment":[{"href":"https:\/\/uszczelki.300energia.net\/index.php\/wp-json\/wp\/v2\/media?parent=1827"}],"wp:term":[{"taxonomy":"product_brand","embeddable":true,"href":"https:\/\/uszczelki.300energia.net\/index.php\/wp-json\/wp\/v2\/product_brand?post=1827"},{"taxonomy":"product_cat","embeddable":true,"href":"https:\/\/uszczelki.300energia.net\/index.php\/wp-json\/wp\/v2\/product_cat?post=1827"},{"taxonomy":"product_tag","embeddable":true,"href":"https:\/\/uszczelki.300energia.net\/index.php\/wp-json\/wp\/v2\/product_tag?post=1827"}],"curies":[{"name":"wp","href":"https:\/\/api.w.org\/{rel}","templated":true}]}}