{"id":1905,"date":"2023-11-07T21:13:26","date_gmt":"2023-11-07T20:13:26","guid":{"rendered":"https:\/\/uszczelki.300energia.net\/index.php\/product\/uszczelka-3x12mm-35sha-samoprzylepna-epdm-10mb-wzmocniona"},"modified":"2023-11-07T21:13:42","modified_gmt":"2023-11-07T20:13:42","slug":"uszczelka-3x12mm-35sha-samoprzylepna-epdm-10mb-wzmocniona","status":"publish","type":"product","link":"https:\/\/uszczelki.300energia.net\/index.php\/product\/uszczelka-3x12mm-35sha-samoprzylepna-epdm-10mb-wzmocniona","title":{"rendered":"Uszczelka 3x12mm 35ShA samoprzylepna EPDM 10mb wzmocniona"},"content":{"rendered":"<p>Uszczelka samoprzylepna 35ShA EPDM\u00a0 o \u015bredniej twardo\u015bci to elastyczna uszczelka maj\u0105ca szerokie zastosowanie w przemy\u015ble, budownictwie, pracach monta\u017cowych.\u00a0 Uszczelki z tej tej linii oferowane s\u0105 jako wzmocnione oraz elastyczne.<\/p>\n<p><a href=\"https:\/\/epdm.sklep.pl\/?s=uszczelka+samoprzylepna+35ShA+wzmocniona&amp;post_type=product\">Uszczelka 3x12mm 35ShA samoprzylepna EPDM 10mb wzmocniona<\/a><\/p>\n<div>\n<div>Uszczelka produkowana jest w procesie ci\u0119cia mikrogumy EPDM o grubo\u015bci od 2 do 10 mm i dostarczana w formie zwoj\u00f3w z b\u0142on\u0105 klejow\u0105 akrylow\u0105\u00a0wzmocnion\u0105 w\u0142\u00f3knem szklanym\u00a0 i ta\u015bm\u0105 separacyjn\u0105 z folii PE.<\/div>\n<div>Uszczelki EPDM oferowane s\u0105 w zakresie w szeroko\u015bci od 8 do 20 mm, oraz szerszych na zam\u00f3wienie indywidualne.<\/div>\n<\/div>\n<p>Podstawowe dane: Materia\u0142: EPDM 35ShA wzmocnienie, Grubo\u015b\u0107 [mm]: 3, Szeroko\u015b\u0107 [mm]: 12,<\/p>\n<p><img loading=\"lazy\" decoding=\"async\" class=\"wp-image-2559 size-medium aligncenter\" title=\"Uszczelka samoprzylepna 40 st. ShA\" src=\"https:\/\/www.uszczelki-centrum.pl\/img\/produkty\/epa\/_orginal\/uszczelka-2x10mm-samoprzylepna-35sha-epdm-wzmocniona.jpg\" alt=\"Uszczelka 3x12mm 35ShA samoprzylepna EPDM 10mb wzmocniona\" width=\"500\" height=\"500\" \/><br \/>\nKod katalogowy dystrybutora: ISM-03-02063<\/p>\n","protected":false},"excerpt":{"rendered":"<p>Uszczelka EPDM 35ShA wzmocniona<\/p>\n","protected":false},"featured_media":1897,"comment_status":"closed","ping_status":"open","template":"","meta":[],"product_brand":[],"product_cat":[1022],"product_tag":[1027,1068,1067,1023],"class_list":{"0":"post-1905","1":"product","2":"type-product","3":"status-publish","4":"has-post-thumbnail","6":"product_cat-uszczelki-samoprzylepne","7":"product_tag-epdm","8":"product_tag-mikroguma","9":"product_tag-pianka","10":"product_tag-uszczelka","12":"first","13":"instock","14":"product-type-simple","15":"h-entry","16":"hentry"},"jetpack_sharing_enabled":true,"_links":{"self":[{"href":"https:\/\/uszczelki.300energia.net\/index.php\/wp-json\/wp\/v2\/product\/1905","targetHints":{"allow":["GET"]}}],"collection":[{"href":"https:\/\/uszczelki.300energia.net\/index.php\/wp-json\/wp\/v2\/product"}],"about":[{"href":"https:\/\/uszczelki.300energia.net\/index.php\/wp-json\/wp\/v2\/types\/product"}],"replies":[{"embeddable":true,"href":"https:\/\/uszczelki.300energia.net\/index.php\/wp-json\/wp\/v2\/comments?post=1905"}],"wp:featuredmedia":[{"embeddable":true,"href":"https:\/\/uszczelki.300energia.net\/index.php\/wp-json\/wp\/v2\/media\/1897"}],"wp:attachment":[{"href":"https:\/\/uszczelki.300energia.net\/index.php\/wp-json\/wp\/v2\/media?parent=1905"}],"wp:term":[{"taxonomy":"product_brand","embeddable":true,"href":"https:\/\/uszczelki.300energia.net\/index.php\/wp-json\/wp\/v2\/product_brand?post=1905"},{"taxonomy":"product_cat","embeddable":true,"href":"https:\/\/uszczelki.300energia.net\/index.php\/wp-json\/wp\/v2\/product_cat?post=1905"},{"taxonomy":"product_tag","embeddable":true,"href":"https:\/\/uszczelki.300energia.net\/index.php\/wp-json\/wp\/v2\/product_tag?post=1905"}],"curies":[{"name":"wp","href":"https:\/\/api.w.org\/{rel}","templated":true}]}}