{"id":2009,"date":"2023-12-19T15:29:34","date_gmt":"2023-12-19T14:29:34","guid":{"rendered":"https:\/\/uszczelki.300energia.net\/index.php\/product\/uszczelka-samoprzylepna-epdm-wg-iso-fmvss-60x2mm-czarna"},"modified":"2023-12-19T15:29:35","modified_gmt":"2023-12-19T14:29:35","slug":"uszczelka-samoprzylepna-epdm-wg-iso-fmvss-60x2mm-czarna","status":"publish","type":"product","link":"https:\/\/uszczelki.300energia.net\/index.php\/product\/uszczelka-samoprzylepna-epdm-wg-iso-fmvss-60x2mm-czarna","title":{"rendered":"Uszczelka samoprzylepna EPDM wg. ISO\/FMVSS 60x2mm czarna"},"content":{"rendered":"<p>Uszczelka samoprzylepna z gumy EPDM to rodzaj uszczelki, kt\u00f3ra sk\u0142ada si\u0119 z gumy porowatej EPDM i kleju. Uszczelki te charakteryzuj\u0105 si\u0119 wysokimi w\u0142a\u015bciwo\u015bciami uszczelniaj\u0105cymi oraz d\u017awi\u0119koch\u0142onnymi. S\u0105 wyj\u0105tkowo mi\u0119kkie, spr\u0119\u017cyste i elastyczne, co pozwala na ich \u0142atwe dopasowanie do r\u00f3\u017cnych powierzchni. Uszczelki z gumy porowatej EPDM s\u0105 stosowane w przemy\u015ble motoryzacyjnym i budowniczym, a tak\u017ce w maszynach rolniczych, elektrowniach wiatrowych oraz r\u00f3\u017cnych konstrukcjach stalowych.<\/p>\n<p>Je\u015bli potrzebujesz uszczelki samoprzylepnej z gumy EPDM, to polecam skorzysta\u0107 z oferty sklepu uszczelki-centrum.pl<\/p>\n<p>W ofercie firmy znajdziesz <a href=\"https:\/\/www.uszczelki-centrum.pl\/uszczelki-samoprzylepne\"><strong>uszczelki z gumy porowatej EPDM z klejem o r\u00f3\u017cnych wymiarach i grubo\u015bciach<\/strong><\/a>.<\/p>\n<p>Dobrym przyk\u0142adem jest:<\/p>\n<p><a href=\"https:\/\/www.uszczelki-centrum.pl\/uszczelki-samoprzylepne\/eq-cechaw2,2,eq-cechaw3,60.html\">Uszczelka samoprzylepna EPDM wg. ISO\/FMVSS 60x2mm czarna<\/a><\/p>\n<p>o proporcji bok\u00f3w: 0,0333333333333333\/1 produkowana tak\u017ce w\/g ISO\/FMVSS<\/p>\n<h2><\/h2>\n","protected":false},"excerpt":{"rendered":"<p>Uszczelka samoprzylepna 2x60 mm<\/p>\n","protected":false},"featured_media":1923,"comment_status":"closed","ping_status":"open","template":"","meta":[],"product_brand":[],"product_cat":[1022],"product_tag":[1069],"class_list":{"0":"post-2009","1":"product","2":"type-product","3":"status-publish","4":"has-post-thumbnail","6":"product_cat-uszczelki-samoprzylepne","7":"product_tag-uszczelka-iso-fmvss","9":"first","10":"instock","11":"product-type-simple","12":"h-entry","13":"hentry"},"jetpack_sharing_enabled":true,"_links":{"self":[{"href":"https:\/\/uszczelki.300energia.net\/index.php\/wp-json\/wp\/v2\/product\/2009","targetHints":{"allow":["GET"]}}],"collection":[{"href":"https:\/\/uszczelki.300energia.net\/index.php\/wp-json\/wp\/v2\/product"}],"about":[{"href":"https:\/\/uszczelki.300energia.net\/index.php\/wp-json\/wp\/v2\/types\/product"}],"replies":[{"embeddable":true,"href":"https:\/\/uszczelki.300energia.net\/index.php\/wp-json\/wp\/v2\/comments?post=2009"}],"wp:featuredmedia":[{"embeddable":true,"href":"https:\/\/uszczelki.300energia.net\/index.php\/wp-json\/wp\/v2\/media\/1923"}],"wp:attachment":[{"href":"https:\/\/uszczelki.300energia.net\/index.php\/wp-json\/wp\/v2\/media?parent=2009"}],"wp:term":[{"taxonomy":"product_brand","embeddable":true,"href":"https:\/\/uszczelki.300energia.net\/index.php\/wp-json\/wp\/v2\/product_brand?post=2009"},{"taxonomy":"product_cat","embeddable":true,"href":"https:\/\/uszczelki.300energia.net\/index.php\/wp-json\/wp\/v2\/product_cat?post=2009"},{"taxonomy":"product_tag","embeddable":true,"href":"https:\/\/uszczelki.300energia.net\/index.php\/wp-json\/wp\/v2\/product_tag?post=2009"}],"curies":[{"name":"wp","href":"https:\/\/api.w.org\/{rel}","templated":true}]}}